{"id":80,"date":"2025-01-23T19:55:48","date_gmt":"2025-01-23T18:55:48","guid":{"rendered":"https:\/\/jocelyne-sophrologie.fr\/?page_id=80"},"modified":"2026-01-05T12:04:25","modified_gmt":"2026-01-05T11:04:25","slug":"contact-jocelyne-sophrologue","status":"publish","type":"page","link":"https:\/\/jocelyne-sophrologie.fr\/index.php\/contact-jocelyne-sophrologue\/","title":{"rendered":"Contact"},"content":{"rendered":"\t\t<div data-elementor-type=\"wp-page\" data-elementor-id=\"80\" class=\"elementor elementor-80\">\n\t\t\t\t<div class=\"elementor-element elementor-element-f8fa78a e-flex e-con-boxed e-con e-parent\" data-id=\"f8fa78a\" data-element_type=\"container\" data-e-type=\"container\">\n\t\t\t\t\t<div class=\"e-con-inner\">\n\t\t<div class=\"elementor-element elementor-element-3d2e5c1 e-con-full e-flex e-con e-child\" data-id=\"3d2e5c1\" data-element_type=\"container\" data-e-type=\"container\">\n\t\t\t\t<div class=\"elementor-element elementor-element-8e3b063 elementor-widget elementor-widget-image\" data-id=\"8e3b063\" data-element_type=\"widget\" data-e-type=\"widget\" data-widget_type=\"image.default\">\n\t\t\t\t<div class=\"elementor-widget-container\">\n\t\t\t\t\t\t\t\t\t\t\t\t\t\t\t<img fetchpriority=\"high\" decoding=\"async\" width=\"768\" height=\"768\" src=\"https:\/\/jocelyne-sophrologie.fr\/wp-content\/uploads\/2025\/01\/Pink-Red-Black-Cute-Illustrative-Smiling-Girl-Avatar-768x768.png\" class=\"attachment-medium_large size-medium_large wp-image-225\" alt=\"Medecin sophrologie aide\" srcset=\"https:\/\/jocelyne-sophrologie.fr\/wp-content\/uploads\/2025\/01\/Pink-Red-Black-Cute-Illustrative-Smiling-Girl-Avatar-768x768.png 768w, https:\/\/jocelyne-sophrologie.fr\/wp-content\/uploads\/2025\/01\/Pink-Red-Black-Cute-Illustrative-Smiling-Girl-Avatar-300x300.png 300w, https:\/\/jocelyne-sophrologie.fr\/wp-content\/uploads\/2025\/01\/Pink-Red-Black-Cute-Illustrative-Smiling-Girl-Avatar-1024x1024.png 1024w, https:\/\/jocelyne-sophrologie.fr\/wp-content\/uploads\/2025\/01\/Pink-Red-Black-Cute-Illustrative-Smiling-Girl-Avatar-150x150.png 150w, https:\/\/jocelyne-sophrologie.fr\/wp-content\/uploads\/2025\/01\/Pink-Red-Black-Cute-Illustrative-Smiling-Girl-Avatar.png 1080w\" sizes=\"(max-width: 768px) 100vw, 768px\" \/>\t\t\t\t\t\t\t\t\t\t\t\t\t\t\t<\/div>\n\t\t\t\t<\/div>\n\t\t\t\t<\/div>\n\t\t<div class=\"elementor-element elementor-element-7b73137 e-con-full e-flex e-con e-child\" data-id=\"7b73137\" data-element_type=\"container\" data-e-type=\"container\">\n\t\t\t\t<div class=\"elementor-element elementor-element-d6489fd elementor-widget elementor-widget-text-editor\" data-id=\"d6489fd\" data-element_type=\"widget\" data-e-type=\"widget\" data-widget_type=\"text-editor.default\">\n\t\t\t\t<div class=\"elementor-widget-container\">\n\t\t\t\t\t\t\t\t\t<h2><strong>Contactez-moi<\/strong><\/h2><p>Vous avez des questions ou souhaitez r\u00e9server une s\u00e9ance ?\u00a0<\/p><p>Je suis \u00e0 votre \u00e9coute pour vous accompagner dans votre d\u00e9marche de bien-\u00eatre.<\/p><h4><strong>Mes coordonn\u00e9es<\/strong><\/h4><p>\ud83d\udccd <strong>Adresse<\/strong> : Rue Eug\u00e8ne Loup, 12000 Rodez<\/p><p>\ud83d\udcde <strong>T\u00e9l\u00e9phone<\/strong> : <a rel=\"noopener\">06 74 10 47 50<\/a><\/p><p>\ud83d\udce7 <strong>Email<\/strong> : <a rel=\"noopener\">jocelyne.sophro12@orange.fr<\/a><\/p>\t\t\t\t\t\t\t\t<\/div>\n\t\t\t\t<\/div>\n\t\t\t\t<\/div>\n\t\t\t\t\t<\/div>\n\t\t\t\t<\/div>\n\t\t<div class=\"elementor-element elementor-element-6bb92a3 e-flex e-con-boxed e-con e-parent\" data-id=\"6bb92a3\" data-element_type=\"container\" data-e-type=\"container\">\n\t\t\t\t\t<div class=\"e-con-inner\">\n\t\t\t\t<div class=\"elementor-element elementor-element-af8d1d8 elementor-widget elementor-widget-site-logo\" data-id=\"af8d1d8\" data-element_type=\"widget\" data-e-type=\"widget\" data-settings=\"{&quot;width&quot;:{&quot;unit&quot;:&quot;%&quot;,&quot;size&quot;:12,&quot;sizes&quot;:[]},&quot;space&quot;:{&quot;unit&quot;:&quot;%&quot;,&quot;size&quot;:100,&quot;sizes&quot;:[]},&quot;image_border_radius&quot;:{&quot;unit&quot;:&quot;px&quot;,&quot;top&quot;:&quot;0&quot;,&quot;right&quot;:&quot;0&quot;,&quot;bottom&quot;:&quot;0&quot;,&quot;left&quot;:&quot;0&quot;,&quot;isLinked&quot;:true},&quot;align&quot;:&quot;center&quot;,&quot;width_tablet&quot;:{&quot;unit&quot;:&quot;%&quot;,&quot;size&quot;:&quot;&quot;,&quot;sizes&quot;:[]},&quot;width_mobile&quot;:{&quot;unit&quot;:&quot;%&quot;,&quot;size&quot;:&quot;&quot;,&quot;sizes&quot;:[]},&quot;space_tablet&quot;:{&quot;unit&quot;:&quot;%&quot;,&quot;size&quot;:&quot;&quot;,&quot;sizes&quot;:[]},&quot;space_mobile&quot;:{&quot;unit&quot;:&quot;%&quot;,&quot;size&quot;:&quot;&quot;,&quot;sizes&quot;:[]},&quot;image_border_radius_tablet&quot;:{&quot;unit&quot;:&quot;px&quot;,&quot;top&quot;:&quot;&quot;,&quot;right&quot;:&quot;&quot;,&quot;bottom&quot;:&quot;&quot;,&quot;left&quot;:&quot;&quot;,&quot;isLinked&quot;:true},&quot;image_border_radius_mobile&quot;:{&quot;unit&quot;:&quot;px&quot;,&quot;top&quot;:&quot;&quot;,&quot;right&quot;:&quot;&quot;,&quot;bottom&quot;:&quot;&quot;,&quot;left&quot;:&quot;&quot;,&quot;isLinked&quot;:true},&quot;caption_padding&quot;:{&quot;unit&quot;:&quot;px&quot;,&quot;top&quot;:&quot;&quot;,&quot;right&quot;:&quot;&quot;,&quot;bottom&quot;:&quot;&quot;,&quot;left&quot;:&quot;&quot;,&quot;isLinked&quot;:true},&quot;caption_padding_tablet&quot;:{&quot;unit&quot;:&quot;px&quot;,&quot;top&quot;:&quot;&quot;,&quot;right&quot;:&quot;&quot;,&quot;bottom&quot;:&quot;&quot;,&quot;left&quot;:&quot;&quot;,&quot;isLinked&quot;:true},&quot;caption_padding_mobile&quot;:{&quot;unit&quot;:&quot;px&quot;,&quot;top&quot;:&quot;&quot;,&quot;right&quot;:&quot;&quot;,&quot;bottom&quot;:&quot;&quot;,&quot;left&quot;:&quot;&quot;,&quot;isLinked&quot;:true},&quot;caption_space&quot;:{&quot;unit&quot;:&quot;px&quot;,&quot;size&quot;:0,&quot;sizes&quot;:[]},&quot;caption_space_tablet&quot;:{&quot;unit&quot;:&quot;px&quot;,&quot;size&quot;:&quot;&quot;,&quot;sizes&quot;:[]},&quot;caption_space_mobile&quot;:{&quot;unit&quot;:&quot;px&quot;,&quot;size&quot;:&quot;&quot;,&quot;sizes&quot;:[]}}\" data-widget_type=\"site-logo.default\">\n\t\t\t\t<div class=\"elementor-widget-container\">\n\t\t\t\t\t\t\t<div class=\"hfe-site-logo\">\n\t\t\t\t\t\t\t\t\t\t\t\t\t<a data-elementor-open-lightbox=\"\"  class='elementor-clickable' href=\"https:\/\/jocelyne-sophrologie.fr\/\">\n\t\t\t\t\t\t\t<div class=\"hfe-site-logo-set\">           \n\t\t\t\t<div class=\"hfe-site-logo-container\">\n\t\t\t\t\t\t\t\t\t<img decoding=\"async\" class=\"hfe-site-logo-img elementor-animation-\"  src=\"https:\/\/jocelyne-sophrologie.fr\/wp-content\/uploads\/2024\/09\/cropped-lotus-300x209.png\" alt=\"default-logo\"\/>\n\t\t\t\t<\/div>\n\t\t\t<\/div>\n\t\t\t\t\t\t\t<\/a>\n\t\t\t\t\t\t<\/div>  \n\t\t\t\t\t\t\t<\/div>\n\t\t\t\t<\/div>\n\t\t\t\t\t<\/div>\n\t\t\t\t<\/div>\n\t\t\t\t<\/div>\n\t\t","protected":false},"excerpt":{"rendered":"<p>Contactez-moi Vous avez des questions ou souhaitez r\u00e9server une s\u00e9ance ?\u00a0 Je suis \u00e0 votre \u00e9coute pour vous accompagner dans votre d\u00e9marche de bien-\u00eatre. Mes coordonn\u00e9es \ud83d\udccd Adresse : Rue Eug\u00e8ne Loup, 12000 Rodez \ud83d\udcde T\u00e9l\u00e9phone : 06 74 10 47 50 \ud83d\udce7 Email : jocelyne.sophro12@orange.fr<\/p>\n","protected":false},"author":1,"featured_media":0,"parent":0,"menu_order":0,"comment_status":"closed","ping_status":"closed","template":"","meta":{"footnotes":""},"class_list":["post-80","page","type-page","status-publish","hentry"],"_links":{"self":[{"href":"https:\/\/jocelyne-sophrologie.fr\/index.php\/wp-json\/wp\/v2\/pages\/80","targetHints":{"allow":["GET"]}}],"collection":[{"href":"https:\/\/jocelyne-sophrologie.fr\/index.php\/wp-json\/wp\/v2\/pages"}],"about":[{"href":"https:\/\/jocelyne-sophrologie.fr\/index.php\/wp-json\/wp\/v2\/types\/page"}],"author":[{"embeddable":true,"href":"https:\/\/jocelyne-sophrologie.fr\/index.php\/wp-json\/wp\/v2\/users\/1"}],"replies":[{"embeddable":true,"href":"https:\/\/jocelyne-sophrologie.fr\/index.php\/wp-json\/wp\/v2\/comments?post=80"}],"version-history":[{"count":25,"href":"https:\/\/jocelyne-sophrologie.fr\/index.php\/wp-json\/wp\/v2\/pages\/80\/revisions"}],"predecessor-version":[{"id":851,"href":"https:\/\/jocelyne-sophrologie.fr\/index.php\/wp-json\/wp\/v2\/pages\/80\/revisions\/851"}],"wp:attachment":[{"href":"https:\/\/jocelyne-sophrologie.fr\/index.php\/wp-json\/wp\/v2\/media?parent=80"}],"curies":[{"name":"wp","href":"https:\/\/api.w.org\/{rel}","templated":true}]}}