{"id":78,"date":"2024-10-14T18:26:12","date_gmt":"2024-10-14T16:26:12","guid":{"rendered":"https:\/\/jocelyne-sophrologie.fr\/?page_id=78"},"modified":"2025-03-03T11:18:19","modified_gmt":"2025-03-03T10:18:19","slug":"quest-ce-que-la-sophrologie","status":"publish","type":"page","link":"https:\/\/jocelyne-sophrologie.fr\/index.php\/quest-ce-que-la-sophrologie\/","title":{"rendered":"Qu&rsquo;est-ce que la sophrologie"},"content":{"rendered":"\t\t<div data-elementor-type=\"wp-page\" data-elementor-id=\"78\" class=\"elementor elementor-78\">\n\t\t\t\t<div class=\"elementor-element elementor-element-4dec2003 e-flex e-con-boxed e-con e-parent\" data-id=\"4dec2003\" data-element_type=\"container\" data-e-type=\"container\">\n\t\t\t\t\t<div class=\"e-con-inner\">\n\t\t\t\t<div class=\"elementor-element elementor-element-29c54ea0 elementor-widget elementor-widget-text-editor\" data-id=\"29c54ea0\" data-element_type=\"widget\" data-e-type=\"widget\" data-widget_type=\"text-editor.default\">\n\t\t\t\t<div class=\"elementor-widget-container\">\n\t\t\t\t\t\t\t\t\t\n<p><\/p>\n\n\n\n<p><\/p>\n\t\t\t\t\t\t\t\t<\/div>\n\t\t\t\t<\/div>\n\t\t\t\t\t<\/div>\n\t\t\t\t<\/div>\n\t\t<div class=\"elementor-element elementor-element-f3132ab e-flex e-con-boxed e-con e-parent\" data-id=\"f3132ab\" data-element_type=\"container\" data-e-type=\"container\">\n\t\t\t\t\t<div class=\"e-con-inner\">\n\t\t\t\t<div class=\"elementor-element elementor-element-fef53ed elementor-widget elementor-widget-text-editor\" data-id=\"fef53ed\" data-element_type=\"widget\" data-e-type=\"widget\" data-widget_type=\"text-editor.default\">\n\t\t\t\t<div class=\"elementor-widget-container\">\n\t\t\t\t\t\t\t\t\t<div class=\"flex-shrink-0 flex flex-col relative items-end\">\n<div class=\"pt-0\">\n<div class=\"gizmo-bot-avatar flex h-8 w-8 items-center justify-center overflow-hidden rounded-full\">\n<h5 class=\"relative p-1 rounded-sm flex items-center justify-center bg-token-main-surface-primary text-token-text-primary h-8 w-8\"><strong>La Sophrologie : En chemin vers un \u00e9quilibre corps et esprit.<\/strong><\/h5>\n<\/div>\n<\/div>\n<\/div>\n<div class=\"group\/conversation-turn relative flex w-full min-w-0 flex-col agent-turn\">\n<div class=\"flex-col gap-1 md:gap-3\">\n<div class=\"flex max-w-full flex-col flex-grow\">\n<div class=\"min-h-[20px] text-message flex w-full flex-col items-end gap-2 whitespace-normal break-words [.text-message+&amp;]:mt-5\" dir=\"auto\" data-message-author-role=\"assistant\" data-message-id=\"b26d9645-5a0c-44aa-a6fc-ac8855a8b264\">\n<div class=\"flex w-full flex-col gap-1 empty:hidden first:pt-[3px]\">\n<div class=\"markdown prose w-full break-words dark:prose-invert light\">\n<p>La sophrologie est une m\u00e9thode compl\u00e8te qui permet de retrouver un <strong>\u00e9tat profond de relaxation physique<\/strong>, mentale et \u00e9motionnelle. Elle aide \u00e0 <strong>rel\u00e2cher les tensions accumul\u00e9es, \u00e0 am\u00e9liorer la concentration, et \u00e0 renforcer la confiance en soi<\/strong>. Elle permet \u00e0 chacun de d\u00e9couvrir et d\u2019optimiser ses propres ressources pour mieux faire face aux d\u00e9fis du quotidien.<\/p>\n<p>Cette pratique offre un large \u00e9ventail d&rsquo;applications, que ce soit pour <strong>g\u00e9rer le stress, l&rsquo;anxi\u00e9t\u00e9, les troubles du sommeil, ou encore les douleurs chroniques<\/strong>. Elle est \u00e9galement un excellent soutien pour se pr\u00e9parer \u00e0 des <strong>\u00e9v\u00e9nements importants<\/strong> tels que des examens, des comp\u00e9titions sportives, ou des changements de vie d&rsquo;ordre personnel ou professionnel.<\/p>\n<p>La sophrologie active l\u2019\u00e9nergie vitale et encourage un mode de vie plus <strong>\u00e9quilibr\u00e9<\/strong>. C&rsquo;est un v\u00e9ritable \u00ab\u00a0entra\u00eenement\u00a0\u00bb du <strong>corps et de l&rsquo;esprit<\/strong> qui, gr\u00e2ce \u00e0 des <strong>techniques simples de respiration, de relaxation et de visualisation<\/strong>, permet de d\u00e9velopper la s\u00e9r\u00e9nit\u00e9 et le mieux-\u00eatre. La sophrologie est une v\u00e9ritable bo\u00eete \u00e0 outils, elle offre \u00e0 chacun la possibilit\u00e9 d\u2019\u00e9voluer vers une autonomie plus harmonieuse, en devenant pleinement acteur de sa propre vie.<\/p>\n<\/div>\n<\/div>\n<\/div>\n<\/div>\n<\/div>\n<\/div>\t\t\t\t\t\t\t\t<\/div>\n\t\t\t\t<\/div>\n\t\t\t\t<div class=\"elementor-element elementor-element-98d96cd elementor-widget elementor-widget-heading\" data-id=\"98d96cd\" data-element_type=\"widget\" data-e-type=\"widget\" data-widget_type=\"heading.default\">\n\t\t\t\t<div class=\"elementor-widget-container\">\n\t\t\t\t\t<h2 class=\"elementor-heading-title elementor-size-default\">Agir sur quoi ?<\/h2>\t\t\t\t<\/div>\n\t\t\t\t<\/div>\n\t\t\t\t\t<\/div>\n\t\t\t\t<\/div>\n\t\t<div class=\"elementor-element elementor-element-7a94ecd e-grid e-con-boxed e-con e-parent\" data-id=\"7a94ecd\" data-element_type=\"container\" data-e-type=\"container\">\n\t\t\t\t\t<div class=\"e-con-inner\">\n\t\t\t\t<div class=\"elementor-element elementor-element-71c058d elementor-widget elementor-widget-text-editor\" data-id=\"71c058d\" data-element_type=\"widget\" data-e-type=\"widget\" data-widget_type=\"text-editor.default\">\n\t\t\t\t<div class=\"elementor-widget-container\">\n\t\t\t\t\t\t\t\t\t<h5><strong>Le Corps<\/strong><\/h5>\n<p><strong>D\u00e9couvrir son corps<\/strong><br \/>La sophrologie nous invite \u00e0 prendre conscience de notre corps dans sa globalit\u00e9. Elle permet de mieux comprendre nos sensations et nos \u00e9motions, tout en identifiant les tensions accumul\u00e9es. En \u00e9tant \u00e0 l\u2019\u00e9coute de notre \u00e9tat corporel, nous apprenons \u00e0 reconna\u00eetre les signaux que notre corps nous envoie, qu\u2019ils soient li\u00e9s au stress \u00e0 la fatigue ou autre.<\/p>\n<p><strong>Conqu\u00e9rir son corps<\/strong><br \/>Au-del\u00e0 de la simple prise de conscience, la sophrologie nous enseigne \u00e0 transformer positivement notre rapport au corps. Elle nous aide \u00e0 somatiser le bien-\u00eatre, \u00e0 rel\u00e2cher les tensions, et \u00e0 conna\u00eetre nos limites pour \u00e9viter le surmenage. En apprenant \u00e0 se reposer, \u00e0 am\u00e9liorer la qualit\u00e9 de notre sommeil et \u00e0 cultiver la paix int\u00e9rieure, nous d\u00e9veloppons une relation plus harmonieuse avec notre corps.<\/p>\t\t\t\t\t\t\t\t<\/div>\n\t\t\t\t<\/div>\n\t\t\t\t<div class=\"elementor-element elementor-element-56cc7e1 elementor-widget elementor-widget-text-editor\" data-id=\"56cc7e1\" data-element_type=\"widget\" data-e-type=\"widget\" data-widget_type=\"text-editor.default\">\n\t\t\t\t<div class=\"elementor-widget-container\">\n\t\t\t\t\t\t\t\t\t<div class=\"flex-shrink-0 flex flex-col relative items-end\">\n<div>\n<div class=\"pt-0\">\n<div class=\"gizmo-bot-avatar flex h-8 w-8 items-center justify-center overflow-hidden rounded-full\">\n<h5 class=\"relative p-1 rounded-sm flex items-center justify-center bg-token-main-surface-primary text-token-text-primary h-8 w-8\"><strong>L&rsquo;Esprit<\/strong><\/h5>\n<\/div>\n<\/div>\n<\/div>\n<\/div>\n<div class=\"group\/conversation-turn relative flex w-full min-w-0 flex-col agent-turn\">\n<div class=\"flex-col gap-1 md:gap-3\">\n<div class=\"flex max-w-full flex-col flex-grow\">\n<div class=\"min-h-[20px] text-message flex w-full flex-col items-end gap-2 whitespace-normal break-words [.text-message+&amp;]:mt-5\" dir=\"auto\" data-message-author-role=\"assistant\" data-message-id=\"2215b2fc-3869-4e1b-be41-e9d77a1fb2b5\">\n<div class=\"flex w-full flex-col gap-1 empty:hidden first:pt-[3px]\">\n<div class=\"markdown prose w-full break-words dark:prose-invert light\">\n<p><strong>D\u00e9couvrir son esprit<\/strong><br \/>La sophrologie nous permet d&rsquo;explorer le fonctionnement de notre mental, en nous aidant \u00e0 reconna\u00eetre les pens\u00e9es automatiques et perturbatrices qui influencent notre quotidien. En prenant conscience de ces sch\u00e9mas mentaux, nous devenons plus \u00e0 m\u00eame de comprendre comment ils affectent notre bien-\u00eatre et nos r\u00e9actions face aux situations.<\/p>\n<p><strong>Conqu\u00e9rir son esprit<\/strong><br \/>Au-del\u00e0 de cette prise de conscience, la sophrologie nous apprend \u00e0 renforcer nos capacit\u00e9s mentales. Nous am\u00e9liorons notre attention et notre concentration, tout en apprenant \u00e0 d\u00e9connecter lorsque cela est n\u00e9cessaire. En cultivant une attitude positive face \u00e0 l&rsquo;avenir, nous d\u00e9veloppons un \u00e9tat d\u2019esprit plus serein et optimiste, capable de mieux g\u00e9rer les d\u00e9fis et de se projeter de mani\u00e8re constructive.<\/p>\n<\/div>\n<\/div>\n<\/div>\n<\/div>\n<\/div>\n<\/div>\t\t\t\t\t\t\t\t<\/div>\n\t\t\t\t<\/div>\n\t\t\t\t\t<\/div>\n\t\t\t\t<\/div>\n\t\t<div class=\"elementor-element elementor-element-d014c38 e-flex e-con-boxed e-con e-parent\" data-id=\"d014c38\" data-element_type=\"container\" data-e-type=\"container\">\n\t\t\t\t\t<div class=\"e-con-inner\">\n\t\t\t\t<div class=\"elementor-element elementor-element-66bdf38 elementor-widget elementor-widget-heading\" data-id=\"66bdf38\" data-element_type=\"widget\" data-e-type=\"widget\" data-widget_type=\"heading.default\">\n\t\t\t\t<div class=\"elementor-widget-container\">\n\t\t\t\t\t<h2 class=\"elementor-heading-title elementor-size-default\">Comment ?<\/h2>\t\t\t\t<\/div>\n\t\t\t\t<\/div>\n\t\t\t\t<div class=\"elementor-element elementor-element-b4c91f3 elementor-widget elementor-widget-text-editor\" data-id=\"b4c91f3\" data-element_type=\"widget\" data-e-type=\"widget\" data-widget_type=\"text-editor.default\">\n\t\t\t\t<div class=\"elementor-widget-container\">\n\t\t\t\t\t\t\t\t\t<div class=\"flex-shrink-0 flex flex-col relative items-end\">\n<div>\n<div class=\"pt-0\">\n<div class=\"gizmo-bot-avatar flex h-8 w-8 items-center justify-center overflow-hidden rounded-full\">\n<div class=\"relative p-1 rounded-sm flex items-center justify-center bg-token-main-surface-primary text-token-text-primary h-8 w-8\">Gr\u00e2ce \u00e0 des <strong>techniques simples<\/strong> qui utilisent notre corps, la respiration et la visualisation positive, la sophrologie vise \u00e0 <strong>harmoniser le corps et l&rsquo;esprit<\/strong>. Une s\u00e9ance commence par un \u00e9change, puis encha\u00eene avec des exercices de relaxation dynamique et des visualisations apaisantes. Apr\u00e8s un retour progressif \u00e0 la r\u00e9alit\u00e9, on peut partager ses ressentis. Ces techniques peuvent \u00eatre r\u00e9p\u00e9t\u00e9es \u00e0 la maison pour renforcer leurs effets.\u00a0<\/div>\n<\/div>\n<\/div>\n<\/div>\n<\/div>\t\t\t\t\t\t\t\t<\/div>\n\t\t\t\t<\/div>\n\t\t\t\t\t<\/div>\n\t\t\t\t<\/div>\n\t\t<div class=\"elementor-element elementor-element-17ed79f e-grid e-con-boxed e-con e-parent\" data-id=\"17ed79f\" data-element_type=\"container\" data-e-type=\"container\">\n\t\t\t\t\t<div class=\"e-con-inner\">\n\t\t\t\t<div class=\"elementor-element elementor-element-77e3576 elementor-widget elementor-widget-heading\" data-id=\"77e3576\" data-element_type=\"widget\" data-e-type=\"widget\" data-widget_type=\"heading.default\">\n\t\t\t\t<div class=\"elementor-widget-container\">\n\t\t\t\t\t<h2 class=\"elementor-heading-title elementor-size-default\">Pour Qui ?<\/h2>\t\t\t\t<\/div>\n\t\t\t\t<\/div>\n\t\t\t\t<div class=\"elementor-element elementor-element-62f9750 elementor-widget elementor-widget-text-editor\" data-id=\"62f9750\" data-element_type=\"widget\" data-e-type=\"widget\" data-widget_type=\"text-editor.default\">\n\t\t\t\t<div class=\"elementor-widget-container\">\n\t\t\t\t\t\t\t\t\t<p><strong>Pour tous<\/strong> : Enfants, adultes, seniors.<br \/>La sophrologie s\u2019adresse \u00e0 chacun, quel que soit l\u2019\u00e2ge ou la situation de vie. Adaptable aux besoins de chacun, elle accompagne les personnes \u00e0 travers les diff\u00e9rentes \u00e9tapes et circonstances de leur quotidien.\u00a0<\/p>\t\t\t\t\t\t\t\t<\/div>\n\t\t\t\t<\/div>\n\t\t\t\t\t<\/div>\n\t\t\t\t<\/div>\n\t\t\t\t<\/div>\n\t\t","protected":false},"excerpt":{"rendered":"<p>La Sophrologie : En chemin vers un \u00e9quilibre corps et esprit. La sophrologie est une m\u00e9thode compl\u00e8te qui permet de retrouver un \u00e9tat profond de relaxation physique, mentale et \u00e9motionnelle. Elle aide \u00e0 rel\u00e2cher les tensions accumul\u00e9es, \u00e0 am\u00e9liorer la concentration, et \u00e0 renforcer la confiance en soi. Elle permet \u00e0 chacun de d\u00e9couvrir et [&hellip;]<\/p>\n","protected":false},"author":1,"featured_media":0,"parent":0,"menu_order":0,"comment_status":"closed","ping_status":"closed","template":"","meta":{"footnotes":""},"class_list":["post-78","page","type-page","status-publish","hentry"],"_links":{"self":[{"href":"https:\/\/jocelyne-sophrologie.fr\/index.php\/wp-json\/wp\/v2\/pages\/78","targetHints":{"allow":["GET"]}}],"collection":[{"href":"https:\/\/jocelyne-sophrologie.fr\/index.php\/wp-json\/wp\/v2\/pages"}],"about":[{"href":"https:\/\/jocelyne-sophrologie.fr\/index.php\/wp-json\/wp\/v2\/types\/page"}],"author":[{"embeddable":true,"href":"https:\/\/jocelyne-sophrologie.fr\/index.php\/wp-json\/wp\/v2\/users\/1"}],"replies":[{"embeddable":true,"href":"https:\/\/jocelyne-sophrologie.fr\/index.php\/wp-json\/wp\/v2\/comments?post=78"}],"version-history":[{"count":23,"href":"https:\/\/jocelyne-sophrologie.fr\/index.php\/wp-json\/wp\/v2\/pages\/78\/revisions"}],"predecessor-version":[{"id":690,"href":"https:\/\/jocelyne-sophrologie.fr\/index.php\/wp-json\/wp\/v2\/pages\/78\/revisions\/690"}],"wp:attachment":[{"href":"https:\/\/jocelyne-sophrologie.fr\/index.php\/wp-json\/wp\/v2\/media?parent=78"}],"curies":[{"name":"wp","href":"https:\/\/api.w.org\/{rel}","templated":true}]}}