{"id":569,"date":"2025-02-24T21:37:53","date_gmt":"2025-02-24T20:37:53","guid":{"rendered":"https:\/\/jocelyne-sophrologie.fr\/?page_id=569"},"modified":"2025-09-23T15:04:00","modified_gmt":"2025-09-23T13:04:00","slug":"seance-groupe","status":"publish","type":"page","link":"https:\/\/jocelyne-sophrologie.fr\/index.php\/seance-groupe\/","title":{"rendered":"S\u00e9ance Groupe (Priv\u00e9)"},"content":{"rendered":"\t\t<div data-elementor-type=\"wp-page\" data-elementor-id=\"569\" class=\"elementor elementor-569\">\n\t\t\t\t<div class=\"elementor-element elementor-element-ed147a4 e-flex e-con-boxed e-con e-parent\" data-id=\"ed147a4\" data-element_type=\"container\" data-e-type=\"container\">\n\t\t\t\t\t<div class=\"e-con-inner\">\n\t\t\t\t<div class=\"elementor-element elementor-element-4f0e4f6 elementor-widget elementor-widget-text-editor\" data-id=\"4f0e4f6\" data-element_type=\"widget\" data-e-type=\"widget\" data-widget_type=\"text-editor.default\">\n\t\t\t\t<div class=\"elementor-widget-container\">\n\t\t\t\t\t\t\t\t\t<div class=\"flex-1 overflow-hidden @container\/thread translate-y-[2rem] -mt-[2rem] pb-[1.5rem]\"><div class=\"relative h-full\"><div class=\"flex h-full flex-col overflow-y-auto [scrollbar-gutter:stable]\"><div class=\"flex flex-col text-sm md:pb-9\"><article class=\"w-full text-token-text-primary focus-visible:outline-2 focus-visible:outline-offset-[-4px]\" dir=\"auto\" data-testid=\"conversation-turn-9\" data-scroll-anchor=\"true\"><div class=\"m-auto text-base py-[18px] px-6\"><div class=\"mx-auto flex flex-1 text-base gap-4 md:gap-5 lg:gap-6 md:max-w-3xl lg:max-w-[40rem] xl:max-w-[48rem]\"><div class=\"group\/conversation-turn relative flex w-full min-w-0 flex-col agent-turn @xs\/thread:px-0 @sm\/thread:px-1.5 @md\/thread:px-4\"><div class=\"flex-col gap-1 md:gap-3\"><div class=\"flex max-w-full flex-col flex-grow\"><div class=\"min-h-8 text-message flex w-full flex-col items-end gap-2 whitespace-normal break-words text-start [.text-message+&amp;]:mt-5\" dir=\"auto\" data-message-author-role=\"assistant\" data-message-id=\"5c63a9c7-ca98-4db8-8109-8999310b359b\" data-message-model-slug=\"gpt-4o\"><div class=\"flex w-full flex-col gap-1 empty:hidden first:pt-[3px]\"><div class=\"markdown prose w-full break-words dark:prose-invert light\"><p data-start=\"0\" data-end=\"60\"><strong data-start=\"0\" data-end=\"58\">Vivez un moment de bien-\u00eatre en duo ou en petit groupe<\/strong><\/p><p data-start=\"62\" data-end=\"311\">Offrez-vous une <strong data-start=\"78\" data-end=\"119\">s\u00e9ance de sophrologie en groupe priv\u00e9<\/strong>, sp\u00e9cialement con\u00e7ue pour les couples, les amis ou la famille. Dans une ambiance chaleureuse et bienveillante, partagez un moment unique de relaxation et de reconnexion \u00e0 soi et aux autres.<\/p><p data-start=\"313\" data-end=\"648\">\u00c0 travers des exercices de respiration, de relaxation et de visualisation positive, vous apprendrez \u00e0 :<br data-start=\"416\" data-end=\"419\" \/>\u2714 Apaiser le stress et les tensions du quotidien<br data-start=\"467\" data-end=\"470\" \/>\u2714 Renforcer la complicit\u00e9 et la confiance au sein du groupe<br data-start=\"529\" data-end=\"532\" \/>\u2714 Am\u00e9liorer votre \u00e9quilibre \u00e9motionnel et votre s\u00e9r\u00e9nit\u00e9<br data-start=\"588\" data-end=\"591\" data-is-only-node=\"\" \/>\u2714 Partager une exp\u00e9rience enrichissante et ressour\u00e7ante<\/p><p data-start=\"650\" data-end=\"851\">Que ce soit pour un moment de d\u00e9tente entre proches, une occasion sp\u00e9ciale ou simplement pour prendre soin de vous ensemble, cette s\u00e9ance est une belle opportunit\u00e9 de cultiver le bien-\u00eatre en groupe.<\/p><p data-start=\"650\" data-end=\"851\">\ud83d\udccc <strong data-start=\"893\" data-end=\"908\">R\u00e9servation<\/strong> : Merci de me contacter par t\u00e9l\u00e9phone ou par mail.<\/p><p data-start=\"957\" data-end=\"1049\" data-is-last-node=\"\" data-is-only-node=\"\"><strong data-start=\"957\" data-end=\"1047\">Offrez-vous une pause bien-\u00eatre et partagez cette exp\u00e9rience unique avec vos proches.<\/strong><\/p><\/div><\/div><\/div><\/div><\/div><\/div><\/div><\/div><\/article><\/div><\/div><\/div><\/div>\t\t\t\t\t\t\t\t<\/div>\n\t\t\t\t<\/div>\n\t\t\t\t\t<\/div>\n\t\t\t\t<\/div>\n\t\t<div class=\"elementor-element elementor-element-6adf560 e-grid e-con-boxed e-con e-parent\" data-id=\"6adf560\" data-element_type=\"container\" data-e-type=\"container\">\n\t\t\t\t\t<div class=\"e-con-inner\">\n\t\t\t\t<div class=\"elementor-element elementor-element-72624d9 elementor-widget elementor-widget-image\" data-id=\"72624d9\" data-element_type=\"widget\" data-e-type=\"widget\" data-widget_type=\"image.default\">\n\t\t\t\t<div class=\"elementor-widget-container\">\n\t\t\t\t\t\t\t\t\t\t\t\t\t\t\t<img fetchpriority=\"high\" decoding=\"async\" width=\"587\" height=\"392\" src=\"https:\/\/jocelyne-sophrologie.fr\/wp-content\/uploads\/2025\/02\/Psychologie-rodez-famille.png\" class=\"attachment-large size-large wp-image-573\" alt=\"\" srcset=\"https:\/\/jocelyne-sophrologie.fr\/wp-content\/uploads\/2025\/02\/Psychologie-rodez-famille.png 587w, https:\/\/jocelyne-sophrologie.fr\/wp-content\/uploads\/2025\/02\/Psychologie-rodez-famille-300x200.png 300w\" sizes=\"(max-width: 587px) 100vw, 587px\" \/>\t\t\t\t\t\t\t\t\t\t\t\t\t\t\t<\/div>\n\t\t\t\t<\/div>\n\t\t\t\t<div class=\"elementor-element elementor-element-0bdb63b elementor-widget elementor-widget-image\" data-id=\"0bdb63b\" data-element_type=\"widget\" data-e-type=\"widget\" data-widget_type=\"image.default\">\n\t\t\t\t<div class=\"elementor-widget-container\">\n\t\t\t\t\t\t\t\t\t\t\t\t\t\t\t<img decoding=\"async\" width=\"757\" height=\"512\" src=\"https:\/\/jocelyne-sophrologie.fr\/wp-content\/uploads\/2025\/02\/Psychologue-Therapie-rodez.png\" class=\"attachment-large size-large wp-image-561\" alt=\"Sophrologie M\u00e9decin\" srcset=\"https:\/\/jocelyne-sophrologie.fr\/wp-content\/uploads\/2025\/02\/Psychologue-Therapie-rodez.png 757w, https:\/\/jocelyne-sophrologie.fr\/wp-content\/uploads\/2025\/02\/Psychologue-Therapie-rodez-300x203.png 300w\" sizes=\"(max-width: 757px) 100vw, 757px\" \/>\t\t\t\t\t\t\t\t\t\t\t\t\t\t\t<\/div>\n\t\t\t\t<\/div>\n\t\t\t\t\t<\/div>\n\t\t\t\t<\/div>\n\t\t\t\t<\/div>\n\t\t","protected":false},"excerpt":{"rendered":"<p>Vivez un moment de bien-\u00eatre en duo ou en petit groupe Offrez-vous une s\u00e9ance de sophrologie en groupe priv\u00e9, sp\u00e9cialement con\u00e7ue pour les couples, les amis ou la famille. Dans une ambiance chaleureuse et bienveillante, partagez un moment unique de relaxation et de reconnexion \u00e0 soi et aux autres. \u00c0 travers des exercices de respiration, [&hellip;]<\/p>\n","protected":false},"author":1,"featured_media":0,"parent":0,"menu_order":0,"comment_status":"closed","ping_status":"closed","template":"","meta":{"footnotes":""},"class_list":["post-569","page","type-page","status-publish","hentry"],"_links":{"self":[{"href":"https:\/\/jocelyne-sophrologie.fr\/index.php\/wp-json\/wp\/v2\/pages\/569","targetHints":{"allow":["GET"]}}],"collection":[{"href":"https:\/\/jocelyne-sophrologie.fr\/index.php\/wp-json\/wp\/v2\/pages"}],"about":[{"href":"https:\/\/jocelyne-sophrologie.fr\/index.php\/wp-json\/wp\/v2\/types\/page"}],"author":[{"embeddable":true,"href":"https:\/\/jocelyne-sophrologie.fr\/index.php\/wp-json\/wp\/v2\/users\/1"}],"replies":[{"embeddable":true,"href":"https:\/\/jocelyne-sophrologie.fr\/index.php\/wp-json\/wp\/v2\/comments?post=569"}],"version-history":[{"count":11,"href":"https:\/\/jocelyne-sophrologie.fr\/index.php\/wp-json\/wp\/v2\/pages\/569\/revisions"}],"predecessor-version":[{"id":796,"href":"https:\/\/jocelyne-sophrologie.fr\/index.php\/wp-json\/wp\/v2\/pages\/569\/revisions\/796"}],"wp:attachment":[{"href":"https:\/\/jocelyne-sophrologie.fr\/index.php\/wp-json\/wp\/v2\/media?parent=569"}],"curies":[{"name":"wp","href":"https:\/\/api.w.org\/{rel}","templated":true}]}}