{"id":347,"date":"2025-01-28T12:13:43","date_gmt":"2025-01-28T11:13:43","guid":{"rendered":"https:\/\/jocelyne-sophrologie.fr\/?page_id=347"},"modified":"2026-01-05T12:06:02","modified_gmt":"2026-01-05T11:06:02","slug":"seance","status":"publish","type":"page","link":"https:\/\/jocelyne-sophrologie.fr\/index.php\/seance\/","title":{"rendered":"S\u00e9ance"},"content":{"rendered":"\t\t<div data-elementor-type=\"wp-page\" data-elementor-id=\"347\" class=\"elementor elementor-347\">\n\t\t\t\t<div class=\"elementor-element elementor-element-4f364df e-flex e-con-boxed e-con e-parent\" data-id=\"4f364df\" data-element_type=\"container\" data-e-type=\"container\">\n\t\t\t\t\t<div class=\"e-con-inner\">\n\t\t<div class=\"elementor-element elementor-element-042f49f e-con-full e-flex e-con e-child\" data-id=\"042f49f\" data-element_type=\"container\" data-e-type=\"container\">\n\t\t<div class=\"elementor-element elementor-element-51f129c e-con-full e-flex e-con e-child\" data-id=\"51f129c\" data-element_type=\"container\" data-e-type=\"container\">\n\t\t<div class=\"elementor-element elementor-element-b9fbdfd e-con-full e-flex e-con e-child\" data-id=\"b9fbdfd\" data-element_type=\"container\" data-e-type=\"container\">\n\t\t\t\t<div class=\"elementor-element elementor-element-9c570ee elementor-widget__width-auto elementor-widget elementor-widget-image\" data-id=\"9c570ee\" data-element_type=\"widget\" data-e-type=\"widget\" data-widget_type=\"image.default\">\n\t\t\t\t<div class=\"elementor-widget-container\">\n\t\t\t\t\t\t\t\t\t\t\t\t\t\t\t\t<a href=\"https:\/\/jocelyne-sophrologie.fr\/index.php\/seance-sophrologie\/\">\n\t\t\t\t\t\t\t<img fetchpriority=\"high\" decoding=\"async\" width=\"1024\" height=\"682\" src=\"https:\/\/jocelyne-sophrologie.fr\/wp-content\/uploads\/2024\/09\/Sophrologie-Medecin-Rodez-1.jpg\" class=\"attachment-2048x2048 size-2048x2048 wp-image-91\" alt=\"Sophrologie Rodez\" srcset=\"https:\/\/jocelyne-sophrologie.fr\/wp-content\/uploads\/2024\/09\/Sophrologie-Medecin-Rodez-1.jpg 1024w, https:\/\/jocelyne-sophrologie.fr\/wp-content\/uploads\/2024\/09\/Sophrologie-Medecin-Rodez-1-300x200.jpg 300w, https:\/\/jocelyne-sophrologie.fr\/wp-content\/uploads\/2024\/09\/Sophrologie-Medecin-Rodez-1-768x512.jpg 768w\" sizes=\"(max-width: 1024px) 100vw, 1024px\" \/>\t\t\t\t\t\t\t\t<\/a>\n\t\t\t\t\t\t\t\t\t\t\t\t\t\t\t<\/div>\n\t\t\t\t<\/div>\n\t\t\t\t<div class=\"elementor-element elementor-element-fab48bb elementor-widget elementor-widget-text-editor\" data-id=\"fab48bb\" data-element_type=\"widget\" data-e-type=\"widget\" data-widget_type=\"text-editor.default\">\n\t\t\t\t<div class=\"elementor-widget-container\">\n\t\t\t\t\t\t\t\t\t<p>S\u00e9ance de sophrologie (Individuel)<\/p>\t\t\t\t\t\t\t\t<\/div>\n\t\t\t\t<\/div>\n\t\t\t\t<\/div>\n\t\t\t\t<\/div>\n\t\t<div class=\"elementor-element elementor-element-bf0d65b e-con-full e-flex e-con e-child\" data-id=\"bf0d65b\" data-element_type=\"container\" data-e-type=\"container\">\n\t\t<div class=\"elementor-element elementor-element-5228442 e-con-full e-flex e-con e-child\" data-id=\"5228442\" data-element_type=\"container\" data-e-type=\"container\">\n\t\t\t\t<div class=\"elementor-element elementor-element-c4b8025 elementor-widget elementor-widget-image\" data-id=\"c4b8025\" data-element_type=\"widget\" data-e-type=\"widget\" data-widget_type=\"image.default\">\n\t\t\t\t<div class=\"elementor-widget-container\">\n\t\t\t\t\t\t\t\t\t\t\t\t\t\t\t\t<a href=\"https:\/\/jocelyne-sophrologie.fr\/index.php\/seance-groupe-amp-entreprise\/\">\n\t\t\t\t\t\t\t<img decoding=\"async\" width=\"798\" height=\"532\" src=\"https:\/\/jocelyne-sophrologie.fr\/wp-content\/uploads\/2025\/02\/Sophrologie-team-bulding-entreprise.png\" class=\"attachment-2048x2048 size-2048x2048 wp-image-562\" alt=\"Sophrologue S\u00e9ance Entreprise Aveyron\" srcset=\"https:\/\/jocelyne-sophrologie.fr\/wp-content\/uploads\/2025\/02\/Sophrologie-team-bulding-entreprise.png 798w, https:\/\/jocelyne-sophrologie.fr\/wp-content\/uploads\/2025\/02\/Sophrologie-team-bulding-entreprise-300x200.png 300w, https:\/\/jocelyne-sophrologie.fr\/wp-content\/uploads\/2025\/02\/Sophrologie-team-bulding-entreprise-768x512.png 768w\" sizes=\"(max-width: 798px) 100vw, 798px\" \/>\t\t\t\t\t\t\t\t<\/a>\n\t\t\t\t\t\t\t\t\t\t\t\t\t\t\t<\/div>\n\t\t\t\t<\/div>\n\t\t\t\t<div class=\"elementor-element elementor-element-5b1b519 elementor-widget elementor-widget-text-editor\" data-id=\"5b1b519\" data-element_type=\"widget\" data-e-type=\"widget\" data-widget_type=\"text-editor.default\">\n\t\t\t\t<div class=\"elementor-widget-container\">\n\t\t\t\t\t\t\t\t\t<p>S\u00e9ance de sophrologie en Entreprise (Groupe &amp; Individuel)<\/p>\t\t\t\t\t\t\t\t<\/div>\n\t\t\t\t<\/div>\n\t\t\t\t<\/div>\n\t\t\t\t<\/div>\n\t\t\t\t<\/div>\n\t\t\t\t\t<\/div>\n\t\t\t\t<\/div>\n\t\t<div class=\"elementor-element elementor-element-6cdc181 e-flex e-con-boxed e-con e-parent\" data-id=\"6cdc181\" data-element_type=\"container\" data-e-type=\"container\">\n\t\t\t\t\t<div class=\"e-con-inner\">\n\t\t<div class=\"elementor-element elementor-element-f909f1d e-con-full e-flex e-con e-child\" data-id=\"f909f1d\" data-element_type=\"container\" data-e-type=\"container\">\n\t\t<div class=\"elementor-element elementor-element-bac2947 e-con-full e-flex e-con e-child\" data-id=\"bac2947\" data-element_type=\"container\" data-e-type=\"container\">\n\t\t<div class=\"elementor-element elementor-element-82e7098 e-con-full e-flex e-con e-child\" data-id=\"82e7098\" data-element_type=\"container\" data-e-type=\"container\">\n\t\t\t\t<div class=\"elementor-element elementor-element-86e5b97 elementor-widget__width-auto elementor-widget elementor-widget-image\" data-id=\"86e5b97\" data-element_type=\"widget\" data-e-type=\"widget\" data-widget_type=\"image.default\">\n\t\t\t\t<div class=\"elementor-widget-container\">\n\t\t\t\t\t\t\t\t\t\t\t\t\t\t\t\t<a href=\"https:\/\/jocelyne-sophrologie.fr\/index.php\/seance-groupe\/\">\n\t\t\t\t\t\t\t<img decoding=\"async\" width=\"757\" height=\"512\" src=\"https:\/\/jocelyne-sophrologie.fr\/wp-content\/uploads\/2025\/02\/Psychologue-Therapie-rodez.png\" class=\"attachment-2048x2048 size-2048x2048 wp-image-561\" alt=\"Sophrologie M\u00e9decin\" srcset=\"https:\/\/jocelyne-sophrologie.fr\/wp-content\/uploads\/2025\/02\/Psychologue-Therapie-rodez.png 757w, https:\/\/jocelyne-sophrologie.fr\/wp-content\/uploads\/2025\/02\/Psychologue-Therapie-rodez-300x203.png 300w\" sizes=\"(max-width: 757px) 100vw, 757px\" \/>\t\t\t\t\t\t\t\t<\/a>\n\t\t\t\t\t\t\t\t\t\t\t\t\t\t\t<\/div>\n\t\t\t\t<\/div>\n\t\t\t\t<div class=\"elementor-element elementor-element-b4ccc76 elementor-widget elementor-widget-text-editor\" data-id=\"b4ccc76\" data-element_type=\"widget\" data-e-type=\"widget\" data-widget_type=\"text-editor.default\">\n\t\t\t\t<div class=\"elementor-widget-container\">\n\t\t\t\t\t\t\t\t\t<p>S\u00e9ance de sophrologie (Groupe-Couple-Famille-Amis)<\/p>\t\t\t\t\t\t\t\t<\/div>\n\t\t\t\t<\/div>\n\t\t\t\t<\/div>\n\t\t\t\t<\/div>\n\t\t<div class=\"elementor-element elementor-element-e7073ba e-con-full e-flex e-con e-child\" data-id=\"e7073ba\" data-element_type=\"container\" data-e-type=\"container\">\n\t\t<div class=\"elementor-element elementor-element-074b1ea e-con-full e-flex e-con e-child\" data-id=\"074b1ea\" data-element_type=\"container\" data-e-type=\"container\">\n\t\t\t\t<div class=\"elementor-element elementor-element-94b4a8e elementor-widget elementor-widget-image\" data-id=\"94b4a8e\" data-element_type=\"widget\" data-e-type=\"widget\" data-widget_type=\"image.default\">\n\t\t\t\t<div class=\"elementor-widget-container\">\n\t\t\t\t\t\t\t\t\t\t\t\t\t\t\t\t<a href=\"https:\/\/jocelyne-sophrologie.fr\/index.php\/seance-de-sophrologie-en-groupe\/\">\n\t\t\t\t\t\t\t<img loading=\"lazy\" decoding=\"async\" width=\"2048\" height=\"1225\" src=\"https:\/\/jocelyne-sophrologie.fr\/wp-content\/uploads\/2024\/09\/Sophrologue-Rodez-Groupe-Anmiation-Entreprise-2048x1225.jpg\" class=\"attachment-2048x2048 size-2048x2048 wp-image-92\" alt=\"Rodez Stress Sophrologie\" srcset=\"https:\/\/jocelyne-sophrologie.fr\/wp-content\/uploads\/2024\/09\/Sophrologue-Rodez-Groupe-Anmiation-Entreprise-2048x1225.jpg 2048w, https:\/\/jocelyne-sophrologie.fr\/wp-content\/uploads\/2024\/09\/Sophrologue-Rodez-Groupe-Anmiation-Entreprise-300x179.jpg 300w, https:\/\/jocelyne-sophrologie.fr\/wp-content\/uploads\/2024\/09\/Sophrologue-Rodez-Groupe-Anmiation-Entreprise-1024x612.jpg 1024w, https:\/\/jocelyne-sophrologie.fr\/wp-content\/uploads\/2024\/09\/Sophrologue-Rodez-Groupe-Anmiation-Entreprise-768x459.jpg 768w, https:\/\/jocelyne-sophrologie.fr\/wp-content\/uploads\/2024\/09\/Sophrologue-Rodez-Groupe-Anmiation-Entreprise-1536x919.jpg 1536w\" sizes=\"(max-width: 2048px) 100vw, 2048px\" \/>\t\t\t\t\t\t\t\t<\/a>\n\t\t\t\t\t\t\t\t\t\t\t\t\t\t\t<\/div>\n\t\t\t\t<\/div>\n\t\t\t\t<div class=\"elementor-element elementor-element-adfffa7 elementor-widget elementor-widget-text-editor\" data-id=\"adfffa7\" data-element_type=\"widget\" data-e-type=\"widget\" data-widget_type=\"text-editor.default\">\n\t\t\t\t<div class=\"elementor-widget-container\">\n\t\t\t\t\t\t\t\t\t<p>S\u00e9ance de sophrologie en cours\u00a0 (Cours \u00e0 plusieurs)<\/p>\t\t\t\t\t\t\t\t<\/div>\n\t\t\t\t<\/div>\n\t\t\t\t<\/div>\n\t\t\t\t<\/div>\n\t\t\t\t<\/div>\n\t\t\t\t\t<\/div>\n\t\t\t\t<\/div>\n\t\t<div class=\"elementor-element elementor-element-2265b48 e-flex e-con-boxed e-con e-parent\" data-id=\"2265b48\" data-element_type=\"container\" data-e-type=\"container\">\n\t\t\t\t\t<div class=\"e-con-inner\">\n\t\t\t\t<div class=\"elementor-element elementor-element-4866164 elementor-widget elementor-widget-image\" data-id=\"4866164\" data-element_type=\"widget\" data-e-type=\"widget\" data-widget_type=\"image.default\">\n\t\t\t\t<div class=\"elementor-widget-container\">\n\t\t\t\t\t\t\t\t\t\t\t\t<figure class=\"wp-caption\">\n\t\t\t\t\t\t\t\t\t\t\t<a href=\"https:\/\/jocelyne-sophrologie.fr\/index.php\/sophrologie-visioconference\/\">\n\t\t\t\t\t\t\t<img loading=\"lazy\" decoding=\"async\" width=\"592\" height=\"397\" src=\"https:\/\/jocelyne-sophrologie.fr\/wp-content\/uploads\/2025\/05\/Visio-medecin-sophro.png\" class=\"attachment-large size-large wp-image-724\" alt=\"Sophrologie Medecin Rodez\" srcset=\"https:\/\/jocelyne-sophrologie.fr\/wp-content\/uploads\/2025\/05\/Visio-medecin-sophro.png 592w, https:\/\/jocelyne-sophrologie.fr\/wp-content\/uploads\/2025\/05\/Visio-medecin-sophro-300x201.png 300w\" sizes=\"(max-width: 592px) 100vw, 592px\" \/>\t\t\t\t\t\t\t\t<\/a>\n\t\t\t\t\t\t\t\t\t\t\t<figcaption class=\"widget-image-caption wp-caption-text\">S\u00e9ance sophrologie en visio (visioconf\u00e9rence) <\/figcaption>\n\t\t\t\t\t\t\t\t\t\t<\/figure>\n\t\t\t\t\t\t\t\t\t<\/div>\n\t\t\t\t<\/div>\n\t\t\t\t\t<\/div>\n\t\t\t\t<\/div>\n\t\t\t\t<\/div>\n\t\t","protected":false},"excerpt":{"rendered":"<p>S\u00e9ance de sophrologie (Individuel) S\u00e9ance de sophrologie en Entreprise (Groupe &amp; Individuel) S\u00e9ance de sophrologie (Groupe-Couple-Famille-Amis) S\u00e9ance de sophrologie en cours\u00a0 (Cours \u00e0 plusieurs) S\u00e9ance sophrologie en visio (visioconf\u00e9rence)<\/p>\n","protected":false},"author":1,"featured_media":0,"parent":0,"menu_order":0,"comment_status":"closed","ping_status":"closed","template":"","meta":{"footnotes":""},"class_list":["post-347","page","type-page","status-publish","hentry"],"_links":{"self":[{"href":"https:\/\/jocelyne-sophrologie.fr\/index.php\/wp-json\/wp\/v2\/pages\/347","targetHints":{"allow":["GET"]}}],"collection":[{"href":"https:\/\/jocelyne-sophrologie.fr\/index.php\/wp-json\/wp\/v2\/pages"}],"about":[{"href":"https:\/\/jocelyne-sophrologie.fr\/index.php\/wp-json\/wp\/v2\/types\/page"}],"author":[{"embeddable":true,"href":"https:\/\/jocelyne-sophrologie.fr\/index.php\/wp-json\/wp\/v2\/users\/1"}],"replies":[{"embeddable":true,"href":"https:\/\/jocelyne-sophrologie.fr\/index.php\/wp-json\/wp\/v2\/comments?post=347"}],"version-history":[{"count":22,"href":"https:\/\/jocelyne-sophrologie.fr\/index.php\/wp-json\/wp\/v2\/pages\/347\/revisions"}],"predecessor-version":[{"id":860,"href":"https:\/\/jocelyne-sophrologie.fr\/index.php\/wp-json\/wp\/v2\/pages\/347\/revisions\/860"}],"wp:attachment":[{"href":"https:\/\/jocelyne-sophrologie.fr\/index.php\/wp-json\/wp\/v2\/media?parent=347"}],"curies":[{"name":"wp","href":"https:\/\/api.w.org\/{rel}","templated":true}]}}