{"id":195,"date":"2024-11-21T17:47:13","date_gmt":"2024-11-21T16:47:13","guid":{"rendered":"https:\/\/jocelyne-sophrologie.fr\/?page_id=195"},"modified":"2025-01-23T20:18:23","modified_gmt":"2025-01-23T19:18:23","slug":"mentions-legales","status":"publish","type":"page","link":"https:\/\/jocelyne-sophrologie.fr\/index.php\/mentions-legales\/","title":{"rendered":"Mentions l\u00e9gales"},"content":{"rendered":"\t\t<div data-elementor-type=\"wp-page\" data-elementor-id=\"195\" class=\"elementor elementor-195\">\n\t\t\t\t<div class=\"elementor-element elementor-element-7aa1616 e-flex e-con-boxed e-con e-parent\" data-id=\"7aa1616\" data-element_type=\"container\" data-e-type=\"container\">\n\t\t\t\t\t<div class=\"e-con-inner\">\n\t\t\t\t<div class=\"elementor-element elementor-element-eb1e00f elementor-widget elementor-widget-text-editor\" data-id=\"eb1e00f\" data-element_type=\"widget\" data-e-type=\"widget\" data-widget_type=\"text-editor.default\">\n\t\t\t\t<div class=\"elementor-widget-container\">\n\t\t\t\t\t\t\t\t\t<h3><strong>\u00c9diteur du site<\/strong><\/h3><ul><li><strong>Nom du site<\/strong> : Sophrologie | Jocelyne Martel Sophrologue | Rodez<\/li><li><strong>URL du site<\/strong> : https:\/\/jocelyne-sophrologie.fr\/<\/li><li><strong>\u00c9diteur<\/strong> : Jocelyne Martel<\/li><li><strong>Adresse<\/strong> : Les Haras, Rue Eug\u00e8ne Loup, 12000 Rodez<\/li><li><strong>T\u00e9l\u00e9phone<\/strong> : 06 74 10 47 50<\/li><li><strong>Email<\/strong> : <a rel=\"noopener\">jocelyne.sophro12@orange.fr<\/a><\/li><li><strong>Num\u00e9ro de SIRET<\/strong> : [Num\u00e9ro de SIRET]<\/li><li><strong>Directeur de publication<\/strong> : Jocelyne Martel<\/li><\/ul><h3>\u00a0<\/h3><h3><strong>H\u00e9bergement du site<\/strong><\/h3><ul><li><strong>H\u00e9bergeur<\/strong> : [Nom de l\u2019h\u00e9bergeur]<\/li><li><strong>Adresse de l\u2019h\u00e9bergeur<\/strong> : [Adresse compl\u00e8te de l\u2019h\u00e9bergeur]<\/li><li><strong>T\u00e9l\u00e9phone de l\u2019h\u00e9bergeur<\/strong> : [Num\u00e9ro de t\u00e9l\u00e9phone de l\u2019h\u00e9bergeur]<\/li><\/ul><h3>\u00a0<\/h3><h3><strong>Propri\u00e9t\u00e9 intellectuelle<\/strong><\/h3><p>Tous les \u00e9l\u00e9ments pr\u00e9sents sur ce site (structure, design, textes, images, animations, logo, etc.) sont prot\u00e9g\u00e9s par le droit de la propri\u00e9t\u00e9 intellectuelle et sont la propri\u00e9t\u00e9 exclusive de <strong>Jocelyne Martel<\/strong>, sauf mention contraire explicite.<\/p><p>Toute reproduction, distribution, modification, adaptation, retransmission ou publication, m\u00eame partielle, de ces \u00e9l\u00e9ments, sans l&rsquo;autorisation \u00e9crite pr\u00e9alable de <strong>Jocelyne Martel<\/strong>, est strictement interdite. Toute utilisation non autoris\u00e9e constitue une violation du Code de la propri\u00e9t\u00e9 intellectuelle et peut entra\u00eener des poursuites judiciaires.<\/p><h3>\u00a0<\/h3><h3><strong>Responsabilit\u00e9<\/strong><\/h3><p><strong>Jocelyne Martel<\/strong> s\u2019efforce de fournir des informations pr\u00e9cises et mises \u00e0 jour sur le site. Cependant, des erreurs ou omissions peuvent survenir. L\u2019\u00e9diteur ne peut \u00eatre tenu responsable des \u00e9ventuelles inexactitudes ou des cons\u00e9quences de l\u2019utilisation des informations diffus\u00e9es.<\/p><p>Le contenu du site peut \u00eatre modifi\u00e9 ou mis \u00e0 jour \u00e0 tout moment sans pr\u00e9avis.<\/p><p>L\u2019utilisation du site se fait sous la seule responsabilit\u00e9 de l\u2019utilisateur. <strong>Jocelyne Martel<\/strong> ne peut \u00eatre tenue responsable des dommages directs ou indirects pouvant r\u00e9sulter de l\u2019acc\u00e8s ou de l\u2019utilisation du site, y compris en cas de virus.<\/p><h3>\u00a0<\/h3><h3><strong>Donn\u00e9es personnelles<\/strong><\/h3><p>Conform\u00e9ment \u00e0 la loi \u00ab\u00a0Informatique et Libert\u00e9s\u00a0\u00bb du 6 janvier 1978 modifi\u00e9e, ainsi qu\u2019au R\u00e8glement G\u00e9n\u00e9ral sur la Protection des Donn\u00e9es (RGPD) du 25 mai 2018, vous disposez des droits suivants concernant vos donn\u00e9es personnelles :<\/p><ul><li><strong>Droit d\u2019acc\u00e8s<\/strong> : vous pouvez obtenir des informations sur les donn\u00e9es vous concernant.<\/li><li><strong>Droit de rectification<\/strong> : vous pouvez demander la correction de vos donn\u00e9es inexactes.<\/li><li><strong>Droit \u00e0 l\u2019effacement<\/strong> : vous pouvez demander la suppression de vos donn\u00e9es personnelles.<\/li><li><strong>Droit \u00e0 la portabilit\u00e9<\/strong> : vous pouvez demander \u00e0 recevoir vos donn\u00e9es sous un format structur\u00e9 et lisible.<\/li><\/ul><p>Pour exercer ces droits, contactez-nous \u00e0 l\u2019adresse email suivante : <strong><a rel=\"noopener\">jocelyne.sophro12@orange.fr<\/a><\/strong>.<\/p><h4>\u00a0<\/h4><h4><strong>Cookies<\/strong><\/h4><p>Lors de la consultation du site, des cookies peuvent \u00eatre d\u00e9pos\u00e9s sur votre appareil pour analyser la fr\u00e9quentation ou faciliter votre navigation. Vous pouvez configurer votre navigateur pour refuser les cookies. Cependant, certaines fonctionnalit\u00e9s du site pourraient \u00eatre limit\u00e9es en cas de d\u00e9sactivation des cookies.<\/p><p>Pour en savoir plus, consultez notre Politique de gestion des cookies.<\/p><h3>\u00a0<\/h3><h3><strong>Liens hypertextes<\/strong><\/h3><p>Le site peut contenir des liens hypertextes vers des sites tiers. <strong>Jocelyne Martel<\/strong> ne contr\u00f4le pas ces sites et d\u00e9cline toute responsabilit\u00e9 quant \u00e0 leur contenu, leur disponibilit\u00e9 ou leurs pratiques.<\/p><p>L\u2019insertion de ces liens ne constitue en aucun cas une validation des informations ou services propos\u00e9s par ces sites. Les utilisateurs naviguent sur ces sites sous leur propre responsabilit\u00e9.<\/p><h3>\u00a0<\/h3><h3><strong>Droit applicable<\/strong><\/h3><p>Les pr\u00e9sentes mentions l\u00e9gales sont r\u00e9gies par le droit fran\u00e7ais. En cas de litige, et \u00e0 d\u00e9faut de r\u00e9solution amiable, les tribunaux fran\u00e7ais seront seuls comp\u00e9tents.<\/p>\t\t\t\t\t\t\t\t<\/div>\n\t\t\t\t<\/div>\n\t\t\t\t\t<\/div>\n\t\t\t\t<\/div>\n\t\t\t\t<\/div>\n\t\t","protected":false},"excerpt":{"rendered":"<p>\u00c9diteur du site Nom du site : Sophrologie | Jocelyne Martel Sophrologue | Rodez URL du site : https:\/\/jocelyne-sophrologie.fr\/ \u00c9diteur : Jocelyne Martel Adresse : Les Haras, Rue Eug\u00e8ne Loup, 12000 Rodez T\u00e9l\u00e9phone : 06 74 10 47 50 Email : jocelyne.sophro12@orange.fr Num\u00e9ro de SIRET : [Num\u00e9ro de SIRET] Directeur de publication : Jocelyne Martel [&hellip;]<\/p>\n","protected":false},"author":1,"featured_media":0,"parent":0,"menu_order":0,"comment_status":"closed","ping_status":"closed","template":"","meta":{"footnotes":""},"class_list":["post-195","page","type-page","status-publish","hentry"],"_links":{"self":[{"href":"https:\/\/jocelyne-sophrologie.fr\/index.php\/wp-json\/wp\/v2\/pages\/195","targetHints":{"allow":["GET"]}}],"collection":[{"href":"https:\/\/jocelyne-sophrologie.fr\/index.php\/wp-json\/wp\/v2\/pages"}],"about":[{"href":"https:\/\/jocelyne-sophrologie.fr\/index.php\/wp-json\/wp\/v2\/types\/page"}],"author":[{"embeddable":true,"href":"https:\/\/jocelyne-sophrologie.fr\/index.php\/wp-json\/wp\/v2\/users\/1"}],"replies":[{"embeddable":true,"href":"https:\/\/jocelyne-sophrologie.fr\/index.php\/wp-json\/wp\/v2\/comments?post=195"}],"version-history":[{"count":8,"href":"https:\/\/jocelyne-sophrologie.fr\/index.php\/wp-json\/wp\/v2\/pages\/195\/revisions"}],"predecessor-version":[{"id":215,"href":"https:\/\/jocelyne-sophrologie.fr\/index.php\/wp-json\/wp\/v2\/pages\/195\/revisions\/215"}],"wp:attachment":[{"href":"https:\/\/jocelyne-sophrologie.fr\/index.php\/wp-json\/wp\/v2\/media?parent=195"}],"curies":[{"name":"wp","href":"https:\/\/api.w.org\/{rel}","templated":true}]}}